{"id":98,"date":"2023-11-22T16:25:34","date_gmt":"2023-11-22T16:25:34","guid":{"rendered":"https:\/\/staging-uruguay.mapbiomas.org\/?page_id=98"},"modified":"2025-11-17T14:41:39","modified_gmt":"2025-11-17T14:41:39","slug":"codigos-de-la-leyenda","status":"publish","type":"page","link":"https:\/\/uruguay.mapbiomas.org\/en\/codigos-de-la-leyenda\/","title":{"rendered":"Legend Codes"},"content":{"rendered":"<p>Los c\u00f3digos de la leyenda que aparecen en los archivos en formato r\u00e1ster de&nbsp; de Mapbiomas Uruguay est\u00e1n disponible en:&nbsp;<\/p>\n\n\n\n<p>Land cover and land use legend codes<\/p>\n\n\n\n<ul>\n<li><a href=\"https:\/\/uruguay.mapbiomas.org\/wp-content\/uploads\/sites\/6\/2023\/12\/Legend-Code_Uruguay-Col-1.pdf\" target=\"_blank\" rel=\"noreferrer noopener\">Collection 1<\/a><\/li>\n\n\n\n<li><a rel=\"noreferrer noopener\" href=\"https:\/\/uruguay.mapbiomas.org\/wp-content\/uploads\/sites\/6\/2024\/12\/MB-Uruguay-Col-2-Legend-Code.pdf\" target=\"_blank\">Collection 2<\/a><\/li>\n\n\n\n<li><a href=\"https:\/\/uruguay.mapbiomas.org\/wp-content\/uploads\/sites\/6\/2025\/11\/CodigoColorLeyenda.pdf\" data-type=\"URL\" data-id=\"https:\/\/uruguay.mapbiomas.org\/wp-content\/uploads\/sites\/6\/2025\/11\/CodigoColorLeyenda.pdf\" target=\"_blank\" rel=\"noreferrer noopener\">Collection 3<\/a><\/li>\n<\/ul>\n\n\n\n<p><br>Legend description<\/p>\n\n\n\n<ul>\n<li><a href=\"https:\/\/uruguay.mapbiomas.org\/wp-content\/uploads\/sites\/6\/2023\/12\/Legend-description_Uruguay-Col-1.pdf\" target=\"_blank\" rel=\"noreferrer noopener\">Collection 1<\/a><\/li>\n\n\n\n<li><a rel=\"noreferrer noopener\" href=\"https:\/\/uruguay.mapbiomas.org\/wp-content\/uploads\/sites\/6\/2024\/12\/MB-Uruguay-Col-2-Legend-Descript-EN.pdf\" target=\"_blank\">Collection 2<\/a><\/li>\n\n\n\n<li><a href=\"https:\/\/uruguay.mapbiomas.org\/wp-content\/uploads\/sites\/6\/2025\/11\/LeyendaEnglish8.pdf\" data-type=\"URL\" data-id=\"https:\/\/uruguay.mapbiomas.org\/wp-content\/uploads\/sites\/6\/2025\/11\/LeyendaEspanol1.pdf\" target=\"_blank\" rel=\"noreferrer noopener\">Collection 3<\/a><\/li>\n<\/ul>","protected":false},"excerpt":{"rendered":"<p>Los c\u00f3digos de la leyenda que aparecen en los archivos en formato r\u00e1ster de&nbsp; de Mapbiomas Uruguay est\u00e1n disponible en:&nbsp; C\u00f3digo de Leyenda De Cobertura y Uso del Suelo Descripci\u00f3n de Leyenda<\/p>","protected":false},"author":2,"featured_media":0,"parent":0,"menu_order":0,"comment_status":"closed","ping_status":"closed","template":"","meta":{"_uag_custom_page_level_css":""},"acf":[],"uagb_featured_image_src":{"full":false,"thumbnail":false,"medium":false,"medium_large":false,"large":false,"1536x1536":false,"2048x2048":false,"trp-custom-language-flag":false,"infographic":false,"team":false},"uagb_author_info":{"display_name":"Adriel Fernandes","author_link":"https:\/\/uruguay.mapbiomas.org\/en\/author\/adriel-fernandes\/"},"uagb_comment_info":0,"uagb_excerpt":"Los c\u00f3digos de la leyenda que aparecen en los archivos en formato r\u00e1ster de&nbsp; de Mapbiomas Uruguay est\u00e1n disponible en:&nbsp; C\u00f3digo de Leyenda De Cobertura y Uso del Suelo Descripci\u00f3n de Leyenda","_links":{"self":[{"href":"https:\/\/uruguay.mapbiomas.org\/en\/wp-json\/wp\/v2\/pages\/98"}],"collection":[{"href":"https:\/\/uruguay.mapbiomas.org\/en\/wp-json\/wp\/v2\/pages"}],"about":[{"href":"https:\/\/uruguay.mapbiomas.org\/en\/wp-json\/wp\/v2\/types\/page"}],"author":[{"embeddable":true,"href":"https:\/\/uruguay.mapbiomas.org\/en\/wp-json\/wp\/v2\/users\/2"}],"replies":[{"embeddable":true,"href":"https:\/\/uruguay.mapbiomas.org\/en\/wp-json\/wp\/v2\/comments?post=98"}],"version-history":[{"count":18,"href":"https:\/\/uruguay.mapbiomas.org\/en\/wp-json\/wp\/v2\/pages\/98\/revisions"}],"predecessor-version":[{"id":716,"href":"https:\/\/uruguay.mapbiomas.org\/en\/wp-json\/wp\/v2\/pages\/98\/revisions\/716"}],"wp:attachment":[{"href":"https:\/\/uruguay.mapbiomas.org\/en\/wp-json\/wp\/v2\/media?parent=98"}],"curies":[{"name":"wp","href":"https:\/\/api.w.org\/{rel}","templated":true}]}}