{"id":658,"date":"2024-12-09T20:05:23","date_gmt":"2024-12-09T20:05:23","guid":{"rendered":"https:\/\/uruguay.mapbiomas.org\/?page_id=658"},"modified":"2025-11-17T14:45:39","modified_gmt":"2025-11-17T14:45:39","slug":"destacados","status":"publish","type":"page","link":"https:\/\/uruguay.mapbiomas.org\/en\/destacados\/","title":{"rendered":"Fact sheets"},"content":{"rendered":"<p>Aqu\u00ed puede descargar los principales datos y resultados sobre la cobertura y uso del suelo de la Colecci\u00f3n 3.0 de MapBiomas Uruguay.<\/p>\n\n\n\n<figure class=\"wp-block-image size-large\"><a href=\"https:\/\/uruguay.mapbiomas.org\/wp-content\/uploads\/sites\/6\/2025\/11\/Factsheet_MapBiomas-Uruguay_Col-3_2025.pdf\" target=\"_blank\" rel=\"noreferrer noopener\"><img decoding=\"async\" loading=\"lazy\" width=\"1024\" height=\"577\" src=\"https:\/\/uruguay.mapbiomas.org\/wp-content\/uploads\/sites\/6\/2025\/11\/Screenshot-2025-11-17-at-11.36.47-1024x577.png\" alt=\"\" class=\"wp-image-718\" srcset=\"https:\/\/uruguay.mapbiomas.org\/wp-content\/uploads\/sites\/6\/2025\/11\/Screenshot-2025-11-17-at-11.36.47-1024x577.png 1024w, https:\/\/uruguay.mapbiomas.org\/wp-content\/uploads\/sites\/6\/2025\/11\/Screenshot-2025-11-17-at-11.36.47-300x169.png 300w, https:\/\/uruguay.mapbiomas.org\/wp-content\/uploads\/sites\/6\/2025\/11\/Screenshot-2025-11-17-at-11.36.47-768x433.png 768w, https:\/\/uruguay.mapbiomas.org\/wp-content\/uploads\/sites\/6\/2025\/11\/Screenshot-2025-11-17-at-11.36.47-18x10.png 18w, https:\/\/uruguay.mapbiomas.org\/wp-content\/uploads\/sites\/6\/2025\/11\/Screenshot-2025-11-17-at-11.36.47.png 1197w\" sizes=\"(max-width: 1024px) 100vw, 1024px\" \/><\/a><\/figure>\n\n\n\n<p>Here you can download the main data and results of land coverage and use of MapBiomas Uruguay Collection 2.0.<\/p>\n\n\n\n<figure class=\"wp-block-image size-large\"><a href=\"https:\/\/uruguay.mapbiomas.org\/wp-content\/uploads\/sites\/6\/2024\/12\/Factsheet_Uruguai_2.0_09.12.2024.pdf\" target=\"_blank\" rel=\"noreferrer noopener\"><img decoding=\"async\" loading=\"lazy\" width=\"1024\" height=\"576\" src=\"https:\/\/uruguay.mapbiomas.org\/wp-content\/uploads\/sites\/6\/2024\/12\/image-1024x576.jpg\" alt=\"\" class=\"wp-image-659\" srcset=\"https:\/\/uruguay.mapbiomas.org\/wp-content\/uploads\/sites\/6\/2024\/12\/image-1024x576.jpg 1024w, https:\/\/uruguay.mapbiomas.org\/wp-content\/uploads\/sites\/6\/2024\/12\/image-300x169.jpg 300w, https:\/\/uruguay.mapbiomas.org\/wp-content\/uploads\/sites\/6\/2024\/12\/image-768x432.jpg 768w, https:\/\/uruguay.mapbiomas.org\/wp-content\/uploads\/sites\/6\/2024\/12\/image-18x10.jpg 18w, https:\/\/uruguay.mapbiomas.org\/wp-content\/uploads\/sites\/6\/2024\/12\/image-970x545.jpg 970w, https:\/\/uruguay.mapbiomas.org\/wp-content\/uploads\/sites\/6\/2024\/12\/image.jpg 1052w\" sizes=\"(max-width: 1024px) 100vw, 1024px\" \/><\/a><\/figure>","protected":false},"excerpt":{"rendered":"<p>Aqu\u00ed puede descargar los principales datos y resultados sobre la cobertura y uso del suelo de la Colecci\u00f3n 3.0 de MapBiomas Uruguay. Aqu\u00ed puede descargar los principales datos y resultados sobre la cobertura y uso del suelo de la Colecci\u00f3n 2.0 de MapBiomas Uruguay.<\/p>","protected":false},"author":2,"featured_media":0,"parent":0,"menu_order":0,"comment_status":"closed","ping_status":"closed","template":"","meta":{"_uag_custom_page_level_css":""},"acf":[],"uagb_featured_image_src":{"full":false,"thumbnail":false,"medium":false,"medium_large":false,"large":false,"1536x1536":false,"2048x2048":false,"trp-custom-language-flag":false,"infographic":false,"team":false},"uagb_author_info":{"display_name":"Adriel Fernandes","author_link":"https:\/\/uruguay.mapbiomas.org\/en\/author\/adriel-fernandes\/"},"uagb_comment_info":0,"uagb_excerpt":"Aqu\u00ed puede descargar los principales datos y resultados sobre la cobertura y uso del suelo de la Colecci\u00f3n 3.0 de MapBiomas Uruguay. Aqu\u00ed puede descargar los principales datos y resultados sobre la cobertura y uso del suelo de la Colecci\u00f3n 2.0 de MapBiomas Uruguay.","_links":{"self":[{"href":"https:\/\/uruguay.mapbiomas.org\/en\/wp-json\/wp\/v2\/pages\/658"}],"collection":[{"href":"https:\/\/uruguay.mapbiomas.org\/en\/wp-json\/wp\/v2\/pages"}],"about":[{"href":"https:\/\/uruguay.mapbiomas.org\/en\/wp-json\/wp\/v2\/types\/page"}],"author":[{"embeddable":true,"href":"https:\/\/uruguay.mapbiomas.org\/en\/wp-json\/wp\/v2\/users\/2"}],"replies":[{"embeddable":true,"href":"https:\/\/uruguay.mapbiomas.org\/en\/wp-json\/wp\/v2\/comments?post=658"}],"version-history":[{"count":5,"href":"https:\/\/uruguay.mapbiomas.org\/en\/wp-json\/wp\/v2\/pages\/658\/revisions"}],"predecessor-version":[{"id":720,"href":"https:\/\/uruguay.mapbiomas.org\/en\/wp-json\/wp\/v2\/pages\/658\/revisions\/720"}],"wp:attachment":[{"href":"https:\/\/uruguay.mapbiomas.org\/en\/wp-json\/wp\/v2\/media?parent=658"}],"curies":[{"name":"wp","href":"https:\/\/api.w.org\/{rel}","templated":true}]}}