{"id":351,"date":"2023-11-30T17:39:47","date_gmt":"2023-11-30T17:39:47","guid":{"rendered":"https:\/\/staging-uruguay.mapbiomas.org\/?page_id=351"},"modified":"2023-11-30T17:39:47","modified_gmt":"2023-11-30T17:39:47","slug":"informes","status":"publish","type":"page","link":"https:\/\/uruguay.mapbiomas.org\/en\/informes\/","title":{"rendered":"Reports"},"content":{"rendered":"<p>Here we share the Independent Evaluation Report of phase 1 of the MapBiomas project from 2015 to 2018 and the response document from MapBiomas coordination to the report.<\/p>","protected":false},"excerpt":{"rendered":"<p>Here we share the Independent Evaluation Report of phase 1 of the MapBiomas project from 2015 to 2018 and the response document from MapBiomas coordination to the report.<\/p>","protected":false},"author":2,"featured_media":0,"parent":0,"menu_order":0,"comment_status":"closed","ping_status":"closed","template":"page_report.php","meta":{"_uag_custom_page_level_css":""},"acf":[],"uagb_featured_image_src":{"full":false,"thumbnail":false,"medium":false,"medium_large":false,"large":false,"1536x1536":false,"2048x2048":false,"trp-custom-language-flag":false,"infographic":false,"team":false},"uagb_author_info":{"display_name":"Adriel Fernandes","author_link":"https:\/\/uruguay.mapbiomas.org\/en\/author\/adriel-fernandes\/"},"uagb_comment_info":0,"uagb_excerpt":"Aqu\u00ed compartimos el Informe de Evaluaci\u00f3n Independiente de la fase 1 del proyecto MapBiomas de 2015 a 2018 y el documento de respuesta de la coordinaci\u00f3n de MapBiomas al informe.","_links":{"self":[{"href":"https:\/\/uruguay.mapbiomas.org\/en\/wp-json\/wp\/v2\/pages\/351"}],"collection":[{"href":"https:\/\/uruguay.mapbiomas.org\/en\/wp-json\/wp\/v2\/pages"}],"about":[{"href":"https:\/\/uruguay.mapbiomas.org\/en\/wp-json\/wp\/v2\/types\/page"}],"author":[{"embeddable":true,"href":"https:\/\/uruguay.mapbiomas.org\/en\/wp-json\/wp\/v2\/users\/2"}],"replies":[{"embeddable":true,"href":"https:\/\/uruguay.mapbiomas.org\/en\/wp-json\/wp\/v2\/comments?post=351"}],"version-history":[{"count":1,"href":"https:\/\/uruguay.mapbiomas.org\/en\/wp-json\/wp\/v2\/pages\/351\/revisions"}],"predecessor-version":[{"id":352,"href":"https:\/\/uruguay.mapbiomas.org\/en\/wp-json\/wp\/v2\/pages\/351\/revisions\/352"}],"wp:attachment":[{"href":"https:\/\/uruguay.mapbiomas.org\/en\/wp-json\/wp\/v2\/media?parent=351"}],"curies":[{"name":"wp","href":"https:\/\/api.w.org\/{rel}","templated":true}]}}