{"id":345,"date":"2023-11-30T17:31:43","date_gmt":"2023-11-30T17:31:43","guid":{"rendered":"https:\/\/staging-uruguay.mapbiomas.org\/?page_id=345"},"modified":"2023-11-30T17:31:43","modified_gmt":"2023-11-30T17:31:43","slug":"articulos-de-la-iniciativa-mapbiomas-uruguay","status":"publish","type":"page","link":"https:\/\/uruguay.mapbiomas.org\/en\/articulos-de-la-iniciativa-mapbiomas-uruguay\/","title":{"rendered":"MapBiomas Trinational Pampa Papers"},"content":{"rendered":"<p>Obtenga m\u00e1s informaci\u00f3n sobre los art\u00edculos cient\u00edficos preparados por el equipo de MapBiomas Uruguay relacionados con el mapeo de la cobertura y el uso del suelo.<\/p>","protected":false},"excerpt":{"rendered":"<p>Obtenga m\u00e1s informaci\u00f3n sobre los art\u00edculos cient\u00edficos preparados por el equipo de MapBiomas Uruguay relacionados con el mapeo de la cobertura y el uso del suelo.<\/p>","protected":false},"author":2,"featured_media":0,"parent":0,"menu_order":0,"comment_status":"closed","ping_status":"closed","template":"page_article.php","meta":{"_uag_custom_page_level_css":""},"acf":[],"uagb_featured_image_src":{"full":false,"thumbnail":false,"medium":false,"medium_large":false,"large":false,"1536x1536":false,"2048x2048":false,"trp-custom-language-flag":false,"infographic":false,"team":false},"uagb_author_info":{"display_name":"Adriel Fernandes","author_link":"https:\/\/uruguay.mapbiomas.org\/en\/author\/adriel-fernandes\/"},"uagb_comment_info":0,"uagb_excerpt":"Obtenga m\u00e1s informaci\u00f3n sobre los art\u00edculos cient\u00edficos preparados por el equipo de MapBiomas Uruguay relacionados con el mapeo de la cobertura y el uso del suelo.","_links":{"self":[{"href":"https:\/\/uruguay.mapbiomas.org\/en\/wp-json\/wp\/v2\/pages\/345"}],"collection":[{"href":"https:\/\/uruguay.mapbiomas.org\/en\/wp-json\/wp\/v2\/pages"}],"about":[{"href":"https:\/\/uruguay.mapbiomas.org\/en\/wp-json\/wp\/v2\/types\/page"}],"author":[{"embeddable":true,"href":"https:\/\/uruguay.mapbiomas.org\/en\/wp-json\/wp\/v2\/users\/2"}],"replies":[{"embeddable":true,"href":"https:\/\/uruguay.mapbiomas.org\/en\/wp-json\/wp\/v2\/comments?post=345"}],"version-history":[{"count":1,"href":"https:\/\/uruguay.mapbiomas.org\/en\/wp-json\/wp\/v2\/pages\/345\/revisions"}],"predecessor-version":[{"id":346,"href":"https:\/\/uruguay.mapbiomas.org\/en\/wp-json\/wp\/v2\/pages\/345\/revisions\/346"}],"wp:attachment":[{"href":"https:\/\/uruguay.mapbiomas.org\/en\/wp-json\/wp\/v2\/media?parent=345"}],"curies":[{"name":"wp","href":"https:\/\/api.w.org\/{rel}","templated":true}]}}