{"id":30,"date":"2023-07-21T20:54:33","date_gmt":"2023-07-21T20:54:33","guid":{"rendered":"https:\/\/staging-uruguay.mapbiomas.org\/?page_id=30"},"modified":"2026-02-26T12:17:50","modified_gmt":"2026-02-26T12:17:50","slug":"estadisticas","status":"publish","type":"page","link":"https:\/\/uruguay.mapbiomas.org\/en\/estadisticas\/","title":{"rendered":"Statistics"},"content":{"rendered":"<p>Aqu\u00ed puede descargar la base de datos de las estad\u00edsticas de mapas de MapBiomas Uruguay de la Colecci\u00f3n 3.0:<\/p>\n\n\n\n<p><a href=\"https:\/\/storage.googleapis.com\/mapbiomas-public\/initiatives\/uruguay\/collection_3\/download\/Estadisticas_cobertura_uso_col3_Uruguay.xlsx\" data-type=\"URL\" data-id=\"https:\/\/uruguay.mapbiomas.org\/wp-content\/uploads\/sites\/6\/2024\/12\/Statistics-coverage-transition-UruCol2.xlsx\" target=\"_blank\" rel=\"noreferrer noopener\">LAND COVER<\/a>: \u00e1rea (en hect\u00e1reas) de las clases de cobertura y\/o de uso de la tierra por organizaci\u00f3n territorial de nivel 1 (pa\u00eds), nivel 2 (departamento), ecorregiones y cuencas hidrogr\u00e1ficas de 1er y 2do orden, de 1985 hasta 2024.<\/p>\n\n\n\n<p><a rel=\"noreferrer noopener\" href=\"https:\/\/uruguay.mapbiomas.org\/wp-content\/uploads\/sites\/6\/2024\/12\/Statistics-coverage-transition-UruCol2.xlsx\" data-type=\"URL\" data-id=\"https:\/\/uruguay.mapbiomas.org\/wp-content\/uploads\/sites\/6\/2024\/12\/Statistics-coverage-transition-UruCol2.xlsx\" target=\"_blank\">TRANSITIONS<\/a>: \u00e1rea (en hect\u00e1reas) de transici\u00f3n en las clases de cobertura y\/o uso de la tierra por organizaci\u00f3n territorial de nivel 1 (pa\u00eds), nivel 2 (departamento), ecorregiones y cuencas hidrogr\u00e1ficas de 1er y 2do orden, para per\u00edodos seleccionados entre 1985 y 2024.<\/p>","protected":false},"excerpt":{"rendered":"<p>Aqu\u00ed puede descargar la base de datos de las estad\u00edsticas de mapas de MapBiomas Uruguay de la Colecci\u00f3n 3.0: COBERTURA: \u00e1rea (en hect\u00e1reas) de las clases de cobertura y\/o de uso de la tierra por organizaci\u00f3n territorial de nivel 1 (pa\u00eds), nivel 2 (departamento), ecorregiones y cuencas hidrogr\u00e1ficas de 1er y 2do orden, de 1985 [&hellip;]<\/p>","protected":false},"author":2,"featured_media":0,"parent":0,"menu_order":0,"comment_status":"closed","ping_status":"closed","template":"","meta":{"_uag_custom_page_level_css":""},"acf":[],"uagb_featured_image_src":{"full":false,"thumbnail":false,"medium":false,"medium_large":false,"large":false,"1536x1536":false,"2048x2048":false,"trp-custom-language-flag":false,"infographic":false,"team":false},"uagb_author_info":{"display_name":"Adriel Fernandes","author_link":"https:\/\/uruguay.mapbiomas.org\/en\/author\/adriel-fernandes\/"},"uagb_comment_info":0,"uagb_excerpt":"Aqu\u00ed puede descargar la base de datos de las estad\u00edsticas de mapas de MapBiomas Uruguay de la Colecci\u00f3n 3.0: COBERTURA: \u00e1rea (en hect\u00e1reas) de las clases de cobertura y\/o de uso de la tierra por organizaci\u00f3n territorial de nivel 1 (pa\u00eds), nivel 2 (departamento), ecorregiones y cuencas hidrogr\u00e1ficas de 1er y 2do orden, de 1985&hellip;","_links":{"self":[{"href":"https:\/\/uruguay.mapbiomas.org\/en\/wp-json\/wp\/v2\/pages\/30"}],"collection":[{"href":"https:\/\/uruguay.mapbiomas.org\/en\/wp-json\/wp\/v2\/pages"}],"about":[{"href":"https:\/\/uruguay.mapbiomas.org\/en\/wp-json\/wp\/v2\/types\/page"}],"author":[{"embeddable":true,"href":"https:\/\/uruguay.mapbiomas.org\/en\/wp-json\/wp\/v2\/users\/2"}],"replies":[{"embeddable":true,"href":"https:\/\/uruguay.mapbiomas.org\/en\/wp-json\/wp\/v2\/comments?post=30"}],"version-history":[{"count":16,"href":"https:\/\/uruguay.mapbiomas.org\/en\/wp-json\/wp\/v2\/pages\/30\/revisions"}],"predecessor-version":[{"id":741,"href":"https:\/\/uruguay.mapbiomas.org\/en\/wp-json\/wp\/v2\/pages\/30\/revisions\/741"}],"wp:attachment":[{"href":"https:\/\/uruguay.mapbiomas.org\/en\/wp-json\/wp\/v2\/media?parent=30"}],"curies":[{"name":"wp","href":"https:\/\/api.w.org\/{rel}","templated":true}]}}