{"id":246,"date":"2023-11-29T20:30:28","date_gmt":"2023-11-29T20:30:28","guid":{"rendered":"https:\/\/staging-uruguay.mapbiomas.org\/?page_id=246"},"modified":"2025-11-17T14:51:16","modified_gmt":"2025-11-17T14:51:16","slug":"mosaicos-landsat","status":"publish","type":"page","link":"https:\/\/uruguay.mapbiomas.org\/en\/mosaicos-landsat\/","title":{"rendered":"Landsat Mosaics"},"content":{"rendered":"<p>Las clasificaciones de cobertura y uso del suelo de la colecci\u00f3n MapBiomas Uruguay se basan en mosaicos generados a partir de im\u00e1genes Landsat. Para cada uno de los a\u00f1os evaluados, se ha creado un mosaico espec\u00edfico (1985-2024). Cada mosaico es generado a partir de una\u00a0 integraci\u00f3n espacial de las distintas escenas Landsat presentes y una integraci\u00f3n temporal de las escenas obtenidas en cada per\u00edodo realizada p\u00edxel a p\u00edxel. Estos intervalos temporales se definieron en funci\u00f3n de la capacidad de discriminar las principales clases del mapa para\u00a0 mejorar los resultados de la clasificaci\u00f3n.<\/p>\n\n\n\n<p>Se puede acceder a los mosaicos de la Colecci\u00f3n 3 de MapBiomas Uruguay directamente desde\u00a0 Google Earth Engine:\u00a0<\/p>\n\n\n\n<p><strong><em>ID:<\/em> projects\/mapbiomas-public\/assets\/uruguay\/lulc\/collection3\/mapbiomas_uruguay_collection3_coverage_v1<\/strong><\/p>\n\n\n\n<p>Landsat mosaics of MapBiomas can also be downloaded from the <a href=\"https:\/\/accounts.google.com\/ServiceLogin\/webreauth?service=ah&amp;passive=true&amp;continue=https%3A%2F%2Fuc.appengine.google.com%2F_ah%2Fconflogin%3Fcontinue%3Dhttps%3A%2F%2Fcode.earthengine.google.com%2F%253Faccept_repo%253Dusers%25252Fmapbiomas%25252Fuser-toolkit%2526scriptPath%253Dusers%25252Fmapbiomas%25252Fuser-toolkit%25253Amapbiomas-user-toolkit-lulc.js&amp;flowName=GlifWebSignIn&amp;flowEntry=ServiceLogin\">toolkit<\/a> disponible en&nbsp; Google Earth Engine.<\/p>","protected":false},"excerpt":{"rendered":"<p>Las clasificaciones de cobertura y uso del suelo de la colecci\u00f3n MapBiomas Uruguay se basan en mosaicos generados a partir de im\u00e1genes Landsat. Para cada uno de los a\u00f1os evaluados, se ha creado un mosaico espec\u00edfico (1985-2024). Cada mosaico es generado a partir de una\u00a0 integraci\u00f3n espacial de las distintas escenas Landsat presentes y una [&hellip;]<\/p>","protected":false},"author":2,"featured_media":0,"parent":0,"menu_order":0,"comment_status":"closed","ping_status":"closed","template":"","meta":{"_uag_custom_page_level_css":""},"acf":[],"uagb_featured_image_src":{"full":false,"thumbnail":false,"medium":false,"medium_large":false,"large":false,"1536x1536":false,"2048x2048":false,"trp-custom-language-flag":false,"infographic":false,"team":false},"uagb_author_info":{"display_name":"Adriel Fernandes","author_link":"https:\/\/uruguay.mapbiomas.org\/en\/author\/adriel-fernandes\/"},"uagb_comment_info":0,"uagb_excerpt":"Las clasificaciones de cobertura y uso del suelo de la colecci\u00f3n MapBiomas Uruguay se basan en mosaicos generados a partir de im\u00e1genes Landsat. Para cada uno de los a\u00f1os evaluados, se ha creado un mosaico espec\u00edfico (1985-2024). Cada mosaico es generado a partir de una\u00a0 integraci\u00f3n espacial de las distintas escenas Landsat presentes y una&hellip;","_links":{"self":[{"href":"https:\/\/uruguay.mapbiomas.org\/en\/wp-json\/wp\/v2\/pages\/246"}],"collection":[{"href":"https:\/\/uruguay.mapbiomas.org\/en\/wp-json\/wp\/v2\/pages"}],"about":[{"href":"https:\/\/uruguay.mapbiomas.org\/en\/wp-json\/wp\/v2\/types\/page"}],"author":[{"embeddable":true,"href":"https:\/\/uruguay.mapbiomas.org\/en\/wp-json\/wp\/v2\/users\/2"}],"replies":[{"embeddable":true,"href":"https:\/\/uruguay.mapbiomas.org\/en\/wp-json\/wp\/v2\/comments?post=246"}],"version-history":[{"count":6,"href":"https:\/\/uruguay.mapbiomas.org\/en\/wp-json\/wp\/v2\/pages\/246\/revisions"}],"predecessor-version":[{"id":725,"href":"https:\/\/uruguay.mapbiomas.org\/en\/wp-json\/wp\/v2\/pages\/246\/revisions\/725"}],"wp:attachment":[{"href":"https:\/\/uruguay.mapbiomas.org\/en\/wp-json\/wp\/v2\/media?parent=246"}],"curies":[{"name":"wp","href":"https:\/\/api.w.org\/{rel}","templated":true}]}}