{"id":24,"date":"2023-07-21T20:54:02","date_gmt":"2023-07-21T20:54:02","guid":{"rendered":"https:\/\/staging-uruguay.mapbiomas.org\/?page_id=24"},"modified":"2024-12-09T21:35:06","modified_gmt":"2024-12-09T21:35:06","slug":"descripcion-general-de-la-metodologia","status":"publish","type":"page","link":"https:\/\/uruguay.mapbiomas.org\/en\/descripcion-general-de-la-metodologia\/","title":{"rendered":"Methodology Overview"},"content":{"rendered":"<h4 class=\"wp-block-heading\"><strong>KNOW THE STEPS OF THE MAPBIOMAS METHODOLOGY<\/strong><\/h4>\n\n\n\n<p>Below you will find the main features, the organization of the work and the overview of the MapBiomas methodology to generate the maps of land cover and land use as well as the transition maps\/land-use change between different pairs of years.<\/p>\n\n\n\n<p>You can access the ATBD (Base Document of Algorithm Theory) with all descriptions of methodology and algorithms by going to the link below.<\/p>\n\n\n\n<p><a href=\"https:\/\/uruguay.mapbiomas.org\/wp-content\/uploads\/sites\/6\/2024\/12\/V2_ATBD_v1_Collection-4_PampaTrinational.pdf\" target=\"_blank\" rel=\"noreferrer noopener\">DOWNLOAD THE COMPLETE METHODOLOGY - ATBD<\/a> <\/p>\n\n\n\n<figure class=\"wp-block-image size-large\"><img decoding=\"async\" src=\"https:\/\/uruguay.mapbiomas.org\/wp-content\/uploads\/sites\/6\/2023\/11\/EN2.png\" alt=\"\"\/><\/figure>\n\n\n\n<h4 class=\"wp-block-heading\"><strong>GENERAL CHARACTERISTICS<\/strong><\/h4>\n\n\n\n<p>All the annual land cover\/use maps of the MapBiomas are produced from the pixel-per-pixel classification of Landsat satellite images. Every process is done with extensive machine learning algorithms through the Google Earth Engine platform that offers immense processing power in the cloud.<\/p>\n\n\n\n<figure class=\"wp-block-image size-large\"><img decoding=\"async\" src=\"https:\/\/uruguay.mapbiomas.org\/wp-content\/uploads\/sites\/6\/2023\/11\/EN.png\" alt=\"\"\/><\/figure>","protected":false},"excerpt":{"rendered":"<p>CONOCE LOS PASOS DE LA METODOLOG\u00cdA DE MAPBIOMAS A continuaci\u00f3n encontrar\u00e1 las principales caracter\u00edsticas, la forma de organizar el trabajo y la descripci\u00f3n general de la metodolog\u00eda MapBiomas para generar los mapas de cobertura y uso del suelo y&nbsp; los mapas de transici\u00f3n \/ cambio de uso del suelo entre diferentes pares de a\u00f1os. Puede [&hellip;]<\/p>","protected":false},"author":2,"featured_media":0,"parent":0,"menu_order":0,"comment_status":"closed","ping_status":"closed","template":"","meta":{"_uag_custom_page_level_css":""},"acf":[],"uagb_featured_image_src":{"full":false,"thumbnail":false,"medium":false,"medium_large":false,"large":false,"1536x1536":false,"2048x2048":false,"trp-custom-language-flag":false,"infographic":false,"team":false},"uagb_author_info":{"display_name":"Adriel Fernandes","author_link":"https:\/\/uruguay.mapbiomas.org\/en\/author\/adriel-fernandes\/"},"uagb_comment_info":0,"uagb_excerpt":"CONOCE LOS PASOS DE LA METODOLOG\u00cdA DE MAPBIOMAS A continuaci\u00f3n encontrar\u00e1 las principales caracter\u00edsticas, la forma de organizar el trabajo y la descripci\u00f3n general de la metodolog\u00eda MapBiomas para generar los mapas de cobertura y uso del suelo y&nbsp; los mapas de transici\u00f3n \/ cambio de uso del suelo entre diferentes pares de a\u00f1os. Puede&hellip;","_links":{"self":[{"href":"https:\/\/uruguay.mapbiomas.org\/en\/wp-json\/wp\/v2\/pages\/24"}],"collection":[{"href":"https:\/\/uruguay.mapbiomas.org\/en\/wp-json\/wp\/v2\/pages"}],"about":[{"href":"https:\/\/uruguay.mapbiomas.org\/en\/wp-json\/wp\/v2\/types\/page"}],"author":[{"embeddable":true,"href":"https:\/\/uruguay.mapbiomas.org\/en\/wp-json\/wp\/v2\/users\/2"}],"replies":[{"embeddable":true,"href":"https:\/\/uruguay.mapbiomas.org\/en\/wp-json\/wp\/v2\/comments?post=24"}],"version-history":[{"count":15,"href":"https:\/\/uruguay.mapbiomas.org\/en\/wp-json\/wp\/v2\/pages\/24\/revisions"}],"predecessor-version":[{"id":671,"href":"https:\/\/uruguay.mapbiomas.org\/en\/wp-json\/wp\/v2\/pages\/24\/revisions\/671"}],"wp:attachment":[{"href":"https:\/\/uruguay.mapbiomas.org\/en\/wp-json\/wp\/v2\/media?parent=24"}],"curies":[{"name":"wp","href":"https:\/\/api.w.org\/{rel}","templated":true}]}}