{"id":235,"date":"2023-11-29T20:22:08","date_gmt":"2023-11-29T20:22:08","guid":{"rendered":"https:\/\/staging-uruguay.mapbiomas.org\/?page_id=235"},"modified":"2023-12-06T15:28:27","modified_gmt":"2023-12-06T15:28:27","slug":"descripcion-de-la-leyenda","status":"publish","type":"page","link":"https:\/\/uruguay.mapbiomas.org\/en\/descripcion-de-la-leyenda\/","title":{"rendered":"Legend Description"},"content":{"rendered":"<p>The detailed description of the legend that appears in the raster format files of Collection 1 of MapBiomas Uruguay are available at this link: <a href=\"https:\/\/staging-uruguay.mapbiomas.org\/wp-content\/uploads\/sites\/6\/2023\/12\/Legend-description_Uruguay-Col-1.pdf\">access here.<\/a><\/p>","protected":false},"excerpt":{"rendered":"<p>La descripci\u00f3n detallada de la leyenda que aparece en los archivos en formato raster de la Colecci\u00f3n 1 de MapBiomas Uruguay est\u00e1 disponible en este enlace: acceda aqu\u00ed.<\/p>","protected":false},"author":2,"featured_media":0,"parent":0,"menu_order":0,"comment_status":"closed","ping_status":"closed","template":"","meta":{"_uag_custom_page_level_css":""},"acf":[],"uagb_featured_image_src":{"full":false,"thumbnail":false,"medium":false,"medium_large":false,"large":false,"1536x1536":false,"2048x2048":false,"trp-custom-language-flag":false,"infographic":false,"team":false},"uagb_author_info":{"display_name":"Adriel Fernandes","author_link":"https:\/\/uruguay.mapbiomas.org\/en\/author\/adriel-fernandes\/"},"uagb_comment_info":0,"uagb_excerpt":"La descripci\u00f3n detallada de la leyenda que aparece en los archivos en formato raster de la Colecci\u00f3n 1 de MapBiomas Uruguay est\u00e1 disponible en este enlace: acceda aqu\u00ed.","_links":{"self":[{"href":"https:\/\/uruguay.mapbiomas.org\/en\/wp-json\/wp\/v2\/pages\/235"}],"collection":[{"href":"https:\/\/uruguay.mapbiomas.org\/en\/wp-json\/wp\/v2\/pages"}],"about":[{"href":"https:\/\/uruguay.mapbiomas.org\/en\/wp-json\/wp\/v2\/types\/page"}],"author":[{"embeddable":true,"href":"https:\/\/uruguay.mapbiomas.org\/en\/wp-json\/wp\/v2\/users\/2"}],"replies":[{"embeddable":true,"href":"https:\/\/uruguay.mapbiomas.org\/en\/wp-json\/wp\/v2\/comments?post=235"}],"version-history":[{"count":5,"href":"https:\/\/uruguay.mapbiomas.org\/en\/wp-json\/wp\/v2\/pages\/235\/revisions"}],"predecessor-version":[{"id":459,"href":"https:\/\/uruguay.mapbiomas.org\/en\/wp-json\/wp\/v2\/pages\/235\/revisions\/459"}],"wp:attachment":[{"href":"https:\/\/uruguay.mapbiomas.org\/en\/wp-json\/wp\/v2\/media?parent=235"}],"curies":[{"name":"wp","href":"https:\/\/api.w.org\/{rel}","templated":true}]}}