{"id":224,"date":"2023-11-29T20:15:36","date_gmt":"2023-11-29T20:15:36","guid":{"rendered":"https:\/\/staging-uruguay.mapbiomas.org\/?page_id=224"},"modified":"2023-11-29T20:57:39","modified_gmt":"2023-11-29T20:57:39","slug":"mapas-de-referencia","status":"publish","type":"page","link":"https:\/\/uruguay.mapbiomas.org\/en\/mapas-de-referencia\/","title":{"rendered":"Reference Maps"},"content":{"rendered":"<p>Here are the reference maps used by MapBiomas Trinational Pampa (where the map for Uruguay comes from) to train the classification algorithms or to evaluate the quality of the automatic classification process. These references come from diverse organizations and with varied temporal and geographic scope.<\/p>\n\n\n\n<p>Some of these maps still do not have public access because they are in the process of being published. When they are available, its corresponding link will be included to allow the download of the data directly from the original source.<\/p>","protected":false},"excerpt":{"rendered":"<p>Aqu\u00ed pueden encontrarse los mapas utilizados como referencia por MapBiomas Pampa&nbsp; Trinacional (de donde proviene el mapa para Uruguay) para realizar el entrenamiento de los algoritmos de clasificaci\u00f3n y para validar la calidad de las clasificaciones autom\u00e1ticas del proyecto. Estas referencias provienen de diversas organizaciones y poseen escalas temporales y geogr\u00e1ficas variadas. Algunos de estos [&hellip;]<\/p>","protected":false},"author":2,"featured_media":0,"parent":0,"menu_order":0,"comment_status":"closed","ping_status":"closed","template":"page_maps_and_references.php","meta":{"_uag_custom_page_level_css":""},"acf":[],"uagb_featured_image_src":{"full":false,"thumbnail":false,"medium":false,"medium_large":false,"large":false,"1536x1536":false,"2048x2048":false,"trp-custom-language-flag":false,"infographic":false,"team":false},"uagb_author_info":{"display_name":"Adriel Fernandes","author_link":"https:\/\/uruguay.mapbiomas.org\/en\/author\/adriel-fernandes\/"},"uagb_comment_info":0,"uagb_excerpt":"Aqu\u00ed pueden encontrarse los mapas utilizados como referencia por MapBiomas Pampa&nbsp; Trinacional (de donde proviene el mapa para Uruguay) para realizar el entrenamiento de los algoritmos de clasificaci\u00f3n y para validar la calidad de las clasificaciones autom\u00e1ticas del proyecto. Estas referencias provienen de diversas organizaciones y poseen escalas temporales y geogr\u00e1ficas variadas. Algunos de estos&hellip;","_links":{"self":[{"href":"https:\/\/uruguay.mapbiomas.org\/en\/wp-json\/wp\/v2\/pages\/224"}],"collection":[{"href":"https:\/\/uruguay.mapbiomas.org\/en\/wp-json\/wp\/v2\/pages"}],"about":[{"href":"https:\/\/uruguay.mapbiomas.org\/en\/wp-json\/wp\/v2\/types\/page"}],"author":[{"embeddable":true,"href":"https:\/\/uruguay.mapbiomas.org\/en\/wp-json\/wp\/v2\/users\/2"}],"replies":[{"embeddable":true,"href":"https:\/\/uruguay.mapbiomas.org\/en\/wp-json\/wp\/v2\/comments?post=224"}],"version-history":[{"count":3,"href":"https:\/\/uruguay.mapbiomas.org\/en\/wp-json\/wp\/v2\/pages\/224\/revisions"}],"predecessor-version":[{"id":261,"href":"https:\/\/uruguay.mapbiomas.org\/en\/wp-json\/wp\/v2\/pages\/224\/revisions\/261"}],"wp:attachment":[{"href":"https:\/\/uruguay.mapbiomas.org\/en\/wp-json\/wp\/v2\/media?parent=224"}],"curies":[{"name":"wp","href":"https:\/\/api.w.org\/{rel}","templated":true}]}}