{"id":221,"date":"2023-11-29T20:13:51","date_gmt":"2023-11-29T20:13:51","guid":{"rendered":"https:\/\/staging-uruguay.mapbiomas.org\/?page_id=221"},"modified":"2024-12-09T21:30:56","modified_gmt":"2024-12-09T21:30:56","slug":"infografia","status":"publish","type":"page","link":"https:\/\/uruguay.mapbiomas.org\/en\/infografia\/","title":{"rendered":"Infographics"},"content":{"rendered":"<p>Here you can download the infographic from MapBiomas Uruguay Collection 2.<\/p>\n\n\n\n<figure class=\"wp-block-image size-large\"><a href=\"https:\/\/uruguay.mapbiomas.org\/wp-content\/uploads\/sites\/6\/2024\/12\/MBI-Infograficos-uruguay-2.0-EN-scaled.jpg\" target=\"_blank\" rel=\"noreferrer noopener\"><img decoding=\"async\" src=\"https:\/\/uruguay.mapbiomas.org\/wp-content\/uploads\/sites\/6\/2024\/12\/MBI-Infograficos-uruguay-2.0-EN-scaled.jpg\" alt=\"\"\/><\/a><\/figure>","protected":false},"excerpt":{"rendered":"<p>Here you can download the infographic from MapBiomas Uruguay Collection 2.<\/p>","protected":false},"author":2,"featured_media":0,"parent":0,"menu_order":0,"comment_status":"closed","ping_status":"closed","template":"","meta":{"_uag_custom_page_level_css":""},"acf":[],"uagb_featured_image_src":{"full":false,"thumbnail":false,"medium":false,"medium_large":false,"large":false,"1536x1536":false,"2048x2048":false,"trp-custom-language-flag":false,"infographic":false,"team":false},"uagb_author_info":{"display_name":"Adriel Fernandes","author_link":"https:\/\/uruguay.mapbiomas.org\/en\/author\/adriel-fernandes\/"},"uagb_comment_info":0,"uagb_excerpt":"Aqu\u00ed puede descargar la infograf\u00eda de la Colecci\u00f3n 2 de MapBiomas Uruguay.","_links":{"self":[{"href":"https:\/\/uruguay.mapbiomas.org\/en\/wp-json\/wp\/v2\/pages\/221"}],"collection":[{"href":"https:\/\/uruguay.mapbiomas.org\/en\/wp-json\/wp\/v2\/pages"}],"about":[{"href":"https:\/\/uruguay.mapbiomas.org\/en\/wp-json\/wp\/v2\/types\/page"}],"author":[{"embeddable":true,"href":"https:\/\/uruguay.mapbiomas.org\/en\/wp-json\/wp\/v2\/users\/2"}],"replies":[{"embeddable":true,"href":"https:\/\/uruguay.mapbiomas.org\/en\/wp-json\/wp\/v2\/comments?post=221"}],"version-history":[{"count":6,"href":"https:\/\/uruguay.mapbiomas.org\/en\/wp-json\/wp\/v2\/pages\/221\/revisions"}],"predecessor-version":[{"id":665,"href":"https:\/\/uruguay.mapbiomas.org\/en\/wp-json\/wp\/v2\/pages\/221\/revisions\/665"}],"wp:attachment":[{"href":"https:\/\/uruguay.mapbiomas.org\/en\/wp-json\/wp\/v2\/media?parent=221"}],"curies":[{"name":"wp","href":"https:\/\/api.w.org\/{rel}","templated":true}]}}