{"id":22,"date":"2023-07-21T20:53:52","date_gmt":"2023-07-21T20:53:52","guid":{"rendered":"https:\/\/staging-uruguay.mapbiomas.org\/?page_id=22"},"modified":"2025-11-17T15:09:24","modified_gmt":"2025-11-17T15:09:24","slug":"herramientas","status":"publish","type":"page","link":"https:\/\/uruguay.mapbiomas.org\/en\/herramientas\/","title":{"rendered":"Tools"},"content":{"rendered":"<h4 class=\"wp-block-heading\">TOOLKITS<\/h4>\n\n\n\n<p><strong>Mapbiomas Collection Quick Export Tool<\/strong><\/p>\n\n\n\n<p>To facilitate access to coverage and transition MapBiomas data by year, the project toolkit was created. Through this toolkit available on Google Earth Engine, it is possible to export collections by biome boundary, state, county, watershed, protected areas or any other geographic boundary that the user is interested in cutting.&nbsp;<\/p>\n\n\n\n<p>Access the <a href=\"https:\/\/www.youtube.com\/watch?v=MlYfzjYmfzc&amp;feature=youtu.be\"><strong>tutorial video<\/strong><\/a> to learn how to use the toolkit. Instructions are also available on <a href=\"https:\/\/github.com\/mapbiomas-brazil\/user-toolkit\"><strong>Github<\/strong><\/a>. The following data are currently available:<\/p>\n\n\n\n<p><strong>&#8211;<a href=\"https:\/\/code.earthengine.google.com\/9717a82ae2de3d4e43268bb0f70f07b8\">Land Use and Coverage Maps<\/a><\/strong><\/p>\n\n\n\n<p><strong>&#8211;<a href=\"https:\/\/drive.google.com\/file\/d\/1Y4PLLBureGn7jf3KIHUY4xEWvu-q21vC\/view?usp=drive_link\" target=\"_blank\" rel=\"noreferrer noopener\">Leyenda<\/a><\/strong><\/p>\n\n\n\n<p>The RGB color palette of each class is available in the <a href=\"https:\/\/uruguay.mapbiomas.org\/wp-content\/uploads\/sites\/6\/2023\/11\/Pampa-Trinacional-Col.1-lyr.zip\"><strong>ArcMap<\/strong><\/a> and<strong> <\/strong><a href=\"https:\/\/uruguay.mapbiomas.org\/wp-content\/uploads\/sites\/6\/2023\/11\/PampaTrinacional-qgz.zip\"><strong>QGIS<\/strong><\/a><strong>.<\/strong><\/p>\n\n\n\n<h4 class=\"wp-block-heading\">ASSETS GOOGLE EARTH ENGINE<\/h4>\n\n\n\n<p>MapBiomas Image and Map collections are available as assets directly from Google Earth Engine without having to download or upload data.<\/p>\n\n\n\n<p>Here are the available products and their access IDs on Google Earth Engine:&nbsp;<\/p>\n\n\n\n<p>Mapas de la colecci\u00f3n 3<\/p>\n\n\n\n<p><em><strong>ID: <\/strong><\/em><strong>projects\/mapbiomas-public\/assets\/uruguay\/lulc\/collection3\/mapbiomas_uruguay_collection3_coverage_v1<\/strong><\/p>\n\n\n\n<h4 class=\"wp-block-heading\">GITHUB<\/h4>\n\n\n\n<p><strong>MapBiomas Processing Codes Depository<\/strong><\/p>\n\n\n\n<p>The codes used by MapBiomas to produce maps including classification, spatial and temporal filters, data integration, generation of transitions and calculation of statistics, among others, are available in the MapBiomas code repository on GitHub.<\/p>\n\n\n\n<p>Access in: <a href=\"https:\/\/github.com\/mapbiomas-pampa\"><strong>https:\/\/github.com\/mapbiomas-pampa<\/strong><\/a><\/p>","protected":false},"excerpt":{"rendered":"<p>TOOLKITS Herramienta de exportaci\u00f3n r\u00e1pida de la colecci\u00f3n Mapbiomas Para facilitar el acceso a los datos de MapBiomas para la cobertura y la transici\u00f3n por a\u00f1o, se cre\u00f3 el kit de herramientas del proyecto. A trav\u00e9s de este kit de herramientas disponible en Google Earth Engine, es posible exportar las colecciones por l\u00edmite de pa\u00eds, [&hellip;]<\/p>","protected":false},"author":2,"featured_media":0,"parent":0,"menu_order":0,"comment_status":"closed","ping_status":"closed","template":"","meta":{"_uag_custom_page_level_css":""},"acf":[],"uagb_featured_image_src":{"full":false,"thumbnail":false,"medium":false,"medium_large":false,"large":false,"1536x1536":false,"2048x2048":false,"trp-custom-language-flag":false,"infographic":false,"team":false},"uagb_author_info":{"display_name":"Adriel Fernandes","author_link":"https:\/\/uruguay.mapbiomas.org\/en\/author\/adriel-fernandes\/"},"uagb_comment_info":0,"uagb_excerpt":"TOOLKITS Herramienta de exportaci\u00f3n r\u00e1pida de la colecci\u00f3n Mapbiomas Para facilitar el acceso a los datos de MapBiomas para la cobertura y la transici\u00f3n por a\u00f1o, se cre\u00f3 el kit de herramientas del proyecto. A trav\u00e9s de este kit de herramientas disponible en Google Earth Engine, es posible exportar las colecciones por l\u00edmite de pa\u00eds,&hellip;","_links":{"self":[{"href":"https:\/\/uruguay.mapbiomas.org\/en\/wp-json\/wp\/v2\/pages\/22"}],"collection":[{"href":"https:\/\/uruguay.mapbiomas.org\/en\/wp-json\/wp\/v2\/pages"}],"about":[{"href":"https:\/\/uruguay.mapbiomas.org\/en\/wp-json\/wp\/v2\/types\/page"}],"author":[{"embeddable":true,"href":"https:\/\/uruguay.mapbiomas.org\/en\/wp-json\/wp\/v2\/users\/2"}],"replies":[{"embeddable":true,"href":"https:\/\/uruguay.mapbiomas.org\/en\/wp-json\/wp\/v2\/comments?post=22"}],"version-history":[{"count":18,"href":"https:\/\/uruguay.mapbiomas.org\/en\/wp-json\/wp\/v2\/pages\/22\/revisions"}],"predecessor-version":[{"id":732,"href":"https:\/\/uruguay.mapbiomas.org\/en\/wp-json\/wp\/v2\/pages\/22\/revisions\/732"}],"wp:attachment":[{"href":"https:\/\/uruguay.mapbiomas.org\/en\/wp-json\/wp\/v2\/media?parent=22"}],"curies":[{"name":"wp","href":"https:\/\/api.w.org\/{rel}","templated":true}]}}