{"id":18,"date":"2023-07-21T20:53:38","date_gmt":"2023-07-21T20:53:38","guid":{"rendered":"https:\/\/staging-uruguay.mapbiomas.org\/?page_id=18"},"modified":"2025-11-18T12:10:28","modified_gmt":"2025-11-18T12:10:28","slug":"lanzamientos","status":"publish","type":"page","link":"https:\/\/uruguay.mapbiomas.org\/en\/lanzamientos\/","title":{"rendered":"Collection launch"},"content":{"rendered":"<p>MapBiomas is constantly developing new products and initiatives. Each year, a new collection of land cover and land use maps is released, improved and expanded for the corresponding new period.<\/p>\n\n\n\n<p>Additionally, the different initiatives of MapBiomas organize events about the collections with the participation of external guests and with discussions about the work carried out and the prospects for monitoring land use and its applications.<\/p>\n\n\n\n<h4 class=\"wp-block-heading\">LANZAMIENTO DE MAPBIOMAS URUGUAY &#8211; COLECCI\u00d3N 3<\/h4>\n\n\n\n<figure class=\"wp-block-embed is-type-video is-provider-youtube wp-block-embed-youtube wp-embed-aspect-16-9 wp-has-aspect-ratio\"><div class=\"wp-block-embed__wrapper\">\n<iframe loading=\"lazy\" title=\"MapBiomas Uruguay | 40 a\u00f1os de datos de cobertura y uso del suelo de Uruguay\" width=\"500\" height=\"281\" src=\"https:\/\/www.youtube.com\/embed\/ueKG_0BrCIg?feature=oembed\" frameborder=\"0\" allow=\"accelerometer; autoplay; clipboard-write; encrypted-media; gyroscope; picture-in-picture; web-share\" referrerpolicy=\"strict-origin-when-cross-origin\" allowfullscreen><\/iframe>\n<\/div><\/figure>\n\n\n\n<h4 class=\"wp-block-heading\"><strong>LANZAMIENTO DE MAPBIOMAS URUGUAY &#8211; COLECCI\u00d3N 2<\/strong><\/h4>\n\n\n\n<figure class=\"wp-block-embed is-type-video is-provider-youtube wp-block-embed-youtube wp-embed-aspect-16-9 wp-has-aspect-ratio\"><div class=\"wp-block-embed__wrapper\">\n<iframe loading=\"lazy\" title=\"LANZAMIENTO MAPBIOMAS URUGUAY Y PAMPA TRINACIONAL | Colecciones 4 y 2\" width=\"500\" height=\"281\" src=\"https:\/\/www.youtube.com\/embed\/Nj0-9wOedi4?feature=oembed\" frameborder=\"0\" allow=\"accelerometer; autoplay; clipboard-write; encrypted-media; gyroscope; picture-in-picture; web-share\" referrerpolicy=\"strict-origin-when-cross-origin\" allowfullscreen><\/iframe>\n<\/div><\/figure>\n\n\n\n<h4 class=\"wp-block-heading\">1ST LAUNCH OF MAPBIOMAS URUGUAY- COLLECTION 1<\/h4>\n\n\n\n<figure class=\"wp-block-embed is-type-video is-provider-youtube wp-block-embed-youtube wp-embed-aspect-16-9 wp-has-aspect-ratio\"><div class=\"wp-block-embed__wrapper\">\n<iframe loading=\"lazy\" title=\"Lanzamiento MapBiomas Uruguay (1985-2022)\" width=\"500\" height=\"281\" src=\"https:\/\/www.youtube.com\/embed\/Ovos8A5qCyA?feature=oembed\" frameborder=\"0\" allow=\"accelerometer; autoplay; clipboard-write; encrypted-media; gyroscope; picture-in-picture; web-share\" referrerpolicy=\"strict-origin-when-cross-origin\" allowfullscreen><\/iframe>\n<\/div><\/figure>","protected":false},"excerpt":{"rendered":"<p>MapBiomas est\u00e1 constantemente desarrollando nuevos productos e iniciativas. Cada a\u00f1o, se publica, mejora y ampl\u00eda una nueva colecci\u00f3n de mapas de cobertura y uso del suelo para el nuevo per\u00edodo correspondiente. Adicionalmente las diferentes iniciativas de MapBiomas organizan eventos sobre las colecciones con la participaci\u00f3n de invitados externos y con discusiones sobre el trabajo realizado [&hellip;]<\/p>","protected":false},"author":2,"featured_media":0,"parent":0,"menu_order":0,"comment_status":"closed","ping_status":"closed","template":"","meta":{"_uag_custom_page_level_css":""},"acf":[],"uagb_featured_image_src":{"full":false,"thumbnail":false,"medium":false,"medium_large":false,"large":false,"1536x1536":false,"2048x2048":false,"trp-custom-language-flag":false,"infographic":false,"team":false},"uagb_author_info":{"display_name":"Adriel Fernandes","author_link":"https:\/\/uruguay.mapbiomas.org\/en\/author\/adriel-fernandes\/"},"uagb_comment_info":0,"uagb_excerpt":"MapBiomas est\u00e1 constantemente desarrollando nuevos productos e iniciativas. Cada a\u00f1o, se publica, mejora y ampl\u00eda una nueva colecci\u00f3n de mapas de cobertura y uso del suelo para el nuevo per\u00edodo correspondiente. Adicionalmente las diferentes iniciativas de MapBiomas organizan eventos sobre las colecciones con la participaci\u00f3n de invitados externos y con discusiones sobre el trabajo realizado&hellip;","_links":{"self":[{"href":"https:\/\/uruguay.mapbiomas.org\/en\/wp-json\/wp\/v2\/pages\/18"}],"collection":[{"href":"https:\/\/uruguay.mapbiomas.org\/en\/wp-json\/wp\/v2\/pages"}],"about":[{"href":"https:\/\/uruguay.mapbiomas.org\/en\/wp-json\/wp\/v2\/types\/page"}],"author":[{"embeddable":true,"href":"https:\/\/uruguay.mapbiomas.org\/en\/wp-json\/wp\/v2\/users\/2"}],"replies":[{"embeddable":true,"href":"https:\/\/uruguay.mapbiomas.org\/en\/wp-json\/wp\/v2\/comments?post=18"}],"version-history":[{"count":14,"href":"https:\/\/uruguay.mapbiomas.org\/en\/wp-json\/wp\/v2\/pages\/18\/revisions"}],"predecessor-version":[{"id":739,"href":"https:\/\/uruguay.mapbiomas.org\/en\/wp-json\/wp\/v2\/pages\/18\/revisions\/739"}],"wp:attachment":[{"href":"https:\/\/uruguay.mapbiomas.org\/en\/wp-json\/wp\/v2\/media?parent=18"}],"curies":[{"name":"wp","href":"https:\/\/api.w.org\/{rel}","templated":true}]}}